{"id":6620,"date":"2022-05-13T10:51:16","date_gmt":"2022-05-13T08:51:16","guid":{"rendered":"https:\/\/www.prosol-elearning.com\/faqs\/"},"modified":"2022-07-26T11:18:12","modified_gmt":"2022-07-26T09:18:12","slug":"faqs","status":"publish","type":"page","link":"https:\/\/www.prosol-elearning.com\/it\/faqs\/","title":{"rendered":"FAQs"},"content":{"rendered":"\t\t<div data-elementor-type=\"wp-page\" data-elementor-id=\"6620\" class=\"elementor elementor-6620 elementor-1498\" data-elementor-post-type=\"page\">\n\t\t\t\t\t\t<section class=\"elementor-section elementor-top-section elementor-element elementor-element-c4a426a elementor-section-content-bottom elementor-section-full_width elementor-section-gap-beside-yes elementor-section-height-default elementor-section-height-default elementor-section-column-vertical-align-stretch\" data-id=\"c4a426a\" data-element_type=\"section\" data-settings=\"{&quot;background_background&quot;:&quot;classic&quot;}\">\n\t\t\t\t\t\t<div class=\"elementor-container elementor-column-gap-extended\">\n\t\t\t\t\t<div class=\"elementor-column elementor-col-100 elementor-top-column elementor-element elementor-element-6a11483\" data-id=\"6a11483\" data-element_type=\"column\">\n\t\t\t<div class=\"elementor-widget-wrap elementor-element-populated\">\n\t\t\t\t\t\t<div class=\"elementor-element elementor-element-d4e30af edumall-shape-border-circle elementor-widget__width-auto elementor-absolute elementor-widget elementor-widget-tm-shapes\" data-id=\"d4e30af\" data-element_type=\"widget\" data-settings=\"{&quot;motion_fx_motion_fx_mouse&quot;:&quot;yes&quot;,&quot;motion_fx_mouseTrack_effect&quot;:&quot;yes&quot;,&quot;_position&quot;:&quot;absolute&quot;,&quot;motion_fx_mouseTrack_direction&quot;:&quot;negative&quot;,&quot;motion_fx_mouseTrack_speed&quot;:{&quot;unit&quot;:&quot;px&quot;,&quot;size&quot;:1,&quot;sizes&quot;:[]}}\" data-widget_type=\"tm-shapes.default\">\n\t\t\t\t<div class=\"elementor-widget-container\">\n\t\t\t\t\t<div class=\"edumall-shape edumall-shape-1-1\">\n\t\t\t\t\t\t\t<div class=\"shape\"><\/div>\n\t\t\t\t\t<\/div>\n\t\t\t\t<\/div>\n\t\t\t\t<\/div>\n\t\t\t\t<div class=\"elementor-element elementor-element-f764998 edumall-shape-border-circle elementor-widget__width-auto elementor-absolute elementor-widget elementor-widget-tm-shapes\" data-id=\"f764998\" data-element_type=\"widget\" data-settings=\"{&quot;motion_fx_motion_fx_mouse&quot;:&quot;yes&quot;,&quot;motion_fx_mouseTrack_effect&quot;:&quot;yes&quot;,&quot;_position&quot;:&quot;absolute&quot;,&quot;motion_fx_mouseTrack_speed&quot;:{&quot;unit&quot;:&quot;px&quot;,&quot;size&quot;:1,&quot;sizes&quot;:[]}}\" data-widget_type=\"tm-shapes.default\">\n\t\t\t\t<div class=\"elementor-widget-container\">\n\t\t\t\t\t<div class=\"edumall-shape edumall-shape-1-1\">\n\t\t\t\t\t\t\t<div class=\"shape\"><\/div>\n\t\t\t\t\t<\/div>\n\t\t\t\t<\/div>\n\t\t\t\t<\/div>\n\t\t\t\t<div class=\"elementor-element elementor-element-8aefe83 edumall-shape-border-circle elementor-widget__width-auto elementor-absolute elementor-hidden-tablet elementor-hidden-phone elementor-widget elementor-widget-tm-shapes\" data-id=\"8aefe83\" data-element_type=\"widget\" data-settings=\"{&quot;motion_fx_motion_fx_mouse&quot;:&quot;yes&quot;,&quot;motion_fx_mouseTrack_effect&quot;:&quot;yes&quot;,&quot;_position&quot;:&quot;absolute&quot;,&quot;motion_fx_mouseTrack_direction&quot;:&quot;negative&quot;,&quot;motion_fx_mouseTrack_speed&quot;:{&quot;unit&quot;:&quot;px&quot;,&quot;size&quot;:1,&quot;sizes&quot;:[]}}\" data-widget_type=\"tm-shapes.default\">\n\t\t\t\t<div class=\"elementor-widget-container\">\n\t\t\t\t\t<div class=\"edumall-shape edumall-shape-1-1\">\n\t\t\t\t\t\t\t<div class=\"shape\"><\/div>\n\t\t\t\t\t<\/div>\n\t\t\t\t<\/div>\n\t\t\t\t<\/div>\n\t\t\t\t<section class=\"elementor-section elementor-inner-section elementor-element elementor-element-5c08fe0 elementor-section-column-vertical-align-bottom elementor-section-boxed elementor-section-gap-beside-yes elementor-section-height-default elementor-section-height-default elementor-section-content-align-center\" data-id=\"5c08fe0\" data-element_type=\"section\">\n\t\t\t\t\t\t<div class=\"elementor-container elementor-column-gap-extended\">\n\t\t\t\t\t<div class=\"elementor-column elementor-col-50 elementor-inner-column elementor-element elementor-element-954400e\" data-id=\"954400e\" data-element_type=\"column\">\n\t\t\t<div class=\"elementor-widget-wrap elementor-element-populated\">\n\t\t\t\t\t\t<div class=\"elementor-element elementor-element-ff50268 elementor-invisible elementor-widget elementor-widget-tm-heading\" data-id=\"ff50268\" data-element_type=\"widget\" data-settings=\"{&quot;_animation&quot;:&quot;edumallFadeInUp&quot;}\" data-widget_type=\"tm-heading.default\">\n\t\t\t\t<div class=\"elementor-widget-container\">\n\t\t\t\t\t<div class=\"tm-modern-heading\">\n\t\t\t\n\t\t\t\t\t<div class=\"heading-primary-wrap\">\n\t\t\t<h3 class=\"heading-primary elementor-heading-title\"><a href=\"https:\/\/context.reverso.net\/traduction\/italien-francais\/domande+frequenti\" data-term=\"domande frequenti\" data-default-size=\"24px\">Domande frequenti<\/a><\/h3>\t\t<\/div>\n\t\t\n\t\t\t\n\t\t\t\t\t<div class=\"heading-description-wrap\">\n\t\t\t<div class=\"heading-description\">\n\t\t\t\t<p>Trova le risposte a tutte le tue domande<\/p>\t\t\t<\/div>\n\t\t<\/div>\n\t\t\t<\/div>\n\t\t\t\t<\/div>\n\t\t\t\t<\/div>\n\t\t\t\t\t<\/div>\n\t\t<\/div>\n\t\t\t\t<div class=\"elementor-column elementor-col-50 elementor-inner-column elementor-element elementor-element-bfae7b8\" data-id=\"bfae7b8\" data-element_type=\"column\">\n\t\t\t<div class=\"elementor-widget-wrap elementor-element-populated\">\n\t\t\t\t\t\t<div class=\"elementor-element elementor-element-4e798a9 elementor-invisible elementor-widget elementor-widget-image\" data-id=\"4e798a9\" data-element_type=\"widget\" data-settings=\"{&quot;_animation&quot;:&quot;edumallFadeInUp&quot;}\" data-widget_type=\"image.default\">\n\t\t\t\t<div class=\"elementor-widget-container\">\n\t\t\t\t\t\t\t\t\t\t\t\t\t<img fetchpriority=\"high\" decoding=\"async\" width=\"407\" height=\"230\" src=\"https:\/\/www.prosol-elearning.com\/wp-content\/uploads\/2020\/08\/banner-image-04.png\" class=\"attachment-full size-full wp-image-5727\" alt=\"\" srcset=\"https:\/\/www.prosol-elearning.com\/wp-content\/uploads\/2020\/08\/banner-image-04.png 407w, https:\/\/www.prosol-elearning.com\/wp-content\/uploads\/2020\/08\/banner-image-04-300x170.png 300w, https:\/\/www.prosol-elearning.com\/wp-content\/uploads\/2020\/08\/banner-image-04-400x226.png 400w\" sizes=\"(max-width: 407px) 100vw, 407px\" \/>\t\t\t\t\t\t\t\t\t\t\t\t\t<\/div>\n\t\t\t\t<\/div>\n\t\t\t\t\t<\/div>\n\t\t<\/div>\n\t\t\t\t\t<\/div>\n\t\t<\/section>\n\t\t\t\t\t<\/div>\n\t\t<\/div>\n\t\t\t\t\t<\/div>\n\t\t<\/section>\n\t\t\t\t<section class=\"elementor-section elementor-top-section elementor-element elementor-element-9346854 elementor-section-boxed elementor-section-gap-beside-yes elementor-section-height-default elementor-section-height-default elementor-section-content-align-center elementor-section-column-vertical-align-stretch\" data-id=\"9346854\" data-element_type=\"section\">\n\t\t\t\t\t\t<div class=\"elementor-container elementor-column-gap-extended\">\n\t\t\t\t\t<div class=\"elementor-column elementor-col-100 elementor-top-column elementor-element elementor-element-9512941\" data-id=\"9512941\" data-element_type=\"column\">\n\t\t\t<div class=\"elementor-widget-wrap elementor-element-populated\">\n\t\t\t\t\t\t<div class=\"elementor-element elementor-element-17df7c6 elementor-invisible elementor-widget elementor-widget-tm-heading\" data-id=\"17df7c6\" data-element_type=\"widget\" data-settings=\"{&quot;_animation&quot;:&quot;edumallFadeInUp&quot;}\" data-widget_type=\"tm-heading.default\">\n\t\t\t\t<div class=\"elementor-widget-container\">\n\t\t\t\t\t<div class=\"tm-modern-heading\">\n\t\t\t\n\t\t\t\t\t<div class=\"heading-primary-wrap\">\n\t\t\t<h2 class=\"heading-primary elementor-heading-title\">Siamo qui per aiutarvi <\/h2>\t\t<\/div>\n\t\t\n\t\t\t\n\t\t\t\t\t<div class=\"heading-description-wrap\">\n\t\t\t<div class=\"heading-description\">\n\t\t\t\t<p>Il nostro team \u00e8 a vostra disposizione via e-mail o telefono per rispondere alle vostre domande. Tuttavia, abbiamo annotato qui la maggior parte delle domande che ci vengono poste e le relative risposte, in modo che possiate familiarizzare rapidamente con i nostri strumenti.<\/p>\t\t\t<\/div>\n\t\t<\/div>\n\t\t\t<\/div>\n\t\t\t\t<\/div>\n\t\t\t\t<\/div>\n\t\t\t\t\t<\/div>\n\t\t<\/div>\n\t\t\t\t\t<\/div>\n\t\t<\/section>\n\t\t\t\t<section class=\"elementor-section elementor-top-section elementor-element elementor-element-c065a9c elementor-section-boxed elementor-section-gap-beside-yes elementor-section-height-default elementor-section-height-default elementor-section-column-vertical-align-stretch\" data-id=\"c065a9c\" data-element_type=\"section\">\n\t\t\t\t\t\t<div class=\"elementor-container elementor-column-gap-extended\">\n\t\t\t\t\t<div class=\"elementor-column elementor-col-100 elementor-top-column elementor-element elementor-element-9ee5f8e\" data-id=\"9ee5f8e\" data-element_type=\"column\">\n\t\t\t<div class=\"elementor-widget-wrap elementor-element-populated\">\n\t\t\t\t\t\t<div class=\"elementor-element elementor-element-ba600c5 edumall-accordion-style-01 elementor-widget elementor-widget-tm-accordion\" data-id=\"ba600c5\" data-element_type=\"widget\" data-widget_type=\"tm-accordion.default\">\n\t\t\t\t<div class=\"elementor-widget-container\">\n\t\t\t\t\t<div class=\"edumall-accordion edumall-accordion-icon-right\">\n\t\t\t\t\t\t\t<div class=\"accordion-section\">\n\t\t\t\t\t<div class=\"accordion-header\">\n\t\t\t\t\t\t<div class=\"accordion-title-wrapper\">\n\t\t\t\t\t\t\t<h6 class=\"accordion-title\">Quanto dura un modulo e-Learning?<\/h6>\t\t\t\t\t\t<\/div>\n\t\t\t\t\t\t\t\t\t\t\t\t\t<div class=\"accordion-icons\">\n\t\t\t\t\t\t\t\t<span\n\t\t\t\t\t\t\t\t\tclass=\"accordion-icon opened-icon\"><i class=\"fa-solid fa-plus-circle\"><\/i><\/span>\n\t\t\t\t\t\t\t\t<span\n\t\t\t\t\t\t\t\t\tclass=\"accordion-icon closed-icon\"><i class=\"fa-solid fa-minus-circle\"><\/i><\/span>\n\t\t\t\t\t\t\t<\/div>\n\t\t\t\t\t\t\t\t\t\t\t<\/div>\n\t\t\t\t\t<div class=\"accordion-content\">\n\t\t\t\t\t\t<p>I moduli di formazione durano tra i 5 ei 20 minuti. In effetti, diversi studi mostrano che l&#8217;attenzione degli studenti diminuisce drasticamente dopo 20-30 minuti di formazione. Al fine di massimizzare l&#8217;efficacia dei moduli di e-Learning, ci siamo assicurati che non superino questo limite.<\/p>\t\t\t\t\t<\/div>\n\t\t\t\t<\/div>\n\t\t\t\t\t\t\t<div class=\"accordion-section\">\n\t\t\t\t\t<div class=\"accordion-header\">\n\t\t\t\t\t\t<div class=\"accordion-title-wrapper\">\n\t\t\t\t\t\t\t<h6 class=\"accordion-title\">\u00c8 necessario disporre di un software specifico per seguire la formazione?<\/h6>\t\t\t\t\t\t<\/div>\n\t\t\t\t\t\t\t\t\t\t\t\t\t<div class=\"accordion-icons\">\n\t\t\t\t\t\t\t\t<span\n\t\t\t\t\t\t\t\t\tclass=\"accordion-icon opened-icon\"><i class=\"fa-solid fa-plus-circle\"><\/i><\/span>\n\t\t\t\t\t\t\t\t<span\n\t\t\t\t\t\t\t\t\tclass=\"accordion-icon closed-icon\"><i class=\"fa-solid fa-minus-circle\"><\/i><\/span>\n\t\t\t\t\t\t\t<\/div>\n\t\t\t\t\t\t\t\t\t\t\t<\/div>\n\t\t\t\t\t<div class=\"accordion-content\">\n\t\t\t\t\t\t<p>No, devi solo avere a disposizione un computer, tablet o smartphone oltre a una connessione internet.<\/p>\t\t\t\t\t<\/div>\n\t\t\t\t<\/div>\n\t\t\t\t\t\t\t<div class=\"accordion-section\">\n\t\t\t\t\t<div class=\"accordion-header\">\n\t\t\t\t\t\t<div class=\"accordion-title-wrapper\">\n\t\t\t\t\t\t\t<h6 class=\"accordion-title\">I moduli di e-learning sono interattivi?<\/h6>\t\t\t\t\t\t<\/div>\n\t\t\t\t\t\t\t\t\t\t\t\t\t<div class=\"accordion-icons\">\n\t\t\t\t\t\t\t\t<span\n\t\t\t\t\t\t\t\t\tclass=\"accordion-icon opened-icon\"><i class=\"fa-solid fa-plus-circle\"><\/i><\/span>\n\t\t\t\t\t\t\t\t<span\n\t\t\t\t\t\t\t\t\tclass=\"accordion-icon closed-icon\"><i class=\"fa-solid fa-minus-circle\"><\/i><\/span>\n\t\t\t\t\t\t\t<\/div>\n\t\t\t\t\t\t\t\t\t\t\t<\/div>\n\t\t\t\t\t<div class=\"accordion-content\">\n\t\t\t\t\t\t<p>Tutti i nostri moduli di e-learning sono progettati e scritti in modo da avere il massimo livello di interattivit\u00e0. I nostri contenuti didattici sono illustrati con immagini, diagrammi esplicativi di qualit\u00e0 e video di stadiazione del paziente\/operatore sanitario. Sono inoltre disponibili video che dimostrano l&#8217;esercizio fisico o le tecniche di respirazione. Durante tutta la formazione, vengono offerti MCQ di valutazione delle conoscenze in modo che lo studente sia pienamente coinvolto nella sua formazione. Il contenuto educativo \u00e8 costruito in modo che gli studenti si trovino in una totale immersione nella formazione, senza nemmeno vedere il tempo che passa!<\/p>\t\t\t\t\t<\/div>\n\t\t\t\t<\/div>\n\t\t\t\t\t\t\t<div class=\"accordion-section\">\n\t\t\t\t\t<div class=\"accordion-header\">\n\t\t\t\t\t\t<div class=\"accordion-title-wrapper\">\n\t\t\t\t\t\t\t<h6 class=\"accordion-title\">Posso seguire un altro corso di formazione se ne ho gi\u00e0 fatto uno prima?<\/h6>\t\t\t\t\t\t<\/div>\n\t\t\t\t\t\t\t\t\t\t\t\t\t<div class=\"accordion-icons\">\n\t\t\t\t\t\t\t\t<span\n\t\t\t\t\t\t\t\t\tclass=\"accordion-icon opened-icon\"><i class=\"fa-solid fa-plus-circle\"><\/i><\/span>\n\t\t\t\t\t\t\t\t<span\n\t\t\t\t\t\t\t\t\tclass=\"accordion-icon closed-icon\"><i class=\"fa-solid fa-minus-circle\"><\/i><\/span>\n\t\t\t\t\t\t\t<\/div>\n\t\t\t\t\t\t\t\t\t\t\t<\/div>\n\t\t\t\t\t<div class=\"accordion-content\">\n\t\t\t\t\t\t<p>Sei libero di seguire tutti e 3 i corsi di formazione &#8211; identificazione precoce dei disturbi del neurosviluppo, malattie neurodegenerative e malattie neuromuscolari &#8211; nell&#8217;ordine che preferisci.<\/p>\t\t\t\t\t<\/div>\n\t\t\t\t<\/div>\n\t\t\t\t\t\t\t<div class=\"accordion-section\">\n\t\t\t\t\t<div class=\"accordion-header\">\n\t\t\t\t\t\t<div class=\"accordion-title-wrapper\">\n\t\t\t\t\t\t\t<h6 class=\"accordion-title\">Ho un limite di tempo per la formazione?<\/h6>\t\t\t\t\t\t<\/div>\n\t\t\t\t\t\t\t\t\t\t\t\t\t<div class=\"accordion-icons\">\n\t\t\t\t\t\t\t\t<span\n\t\t\t\t\t\t\t\t\tclass=\"accordion-icon opened-icon\"><i class=\"fa-solid fa-plus-circle\"><\/i><\/span>\n\t\t\t\t\t\t\t\t<span\n\t\t\t\t\t\t\t\t\tclass=\"accordion-icon closed-icon\"><i class=\"fa-solid fa-minus-circle\"><\/i><\/span>\n\t\t\t\t\t\t\t<\/div>\n\t\t\t\t\t\t\t\t\t\t\t<\/div>\n\t\t\t\t\t<div class=\"accordion-content\">\n\t\t\t\t\t\t<p>Non \u00e8 imposto alcun limite di tempo per il follow-up della formazione. Puoi seguire la formazione in qualsiasi momento della giornata, a seconda della tua disponibilit\u00e0. L&#8217;obiettivo \u00e8 fornire flessibilit\u00e0 nell&#8217;apprendimento in modo da poter essere formati in completa autonomia.<\/p>\t\t\t\t\t<\/div>\n\t\t\t\t<\/div>\n\t\t\t\t\t\t\t<div class=\"accordion-section\">\n\t\t\t\t\t<div class=\"accordion-header\">\n\t\t\t\t\t\t<div class=\"accordion-title-wrapper\">\n\t\t\t\t\t\t\t<h6 class=\"accordion-title\">Posso beneficiare del certificato di completamento della formazione se non ho completato la risposta a tutte le domande della valutazione finale?<\/h6>\t\t\t\t\t\t<\/div>\n\t\t\t\t\t\t\t\t\t\t\t\t\t<div class=\"accordion-icons\">\n\t\t\t\t\t\t\t\t<span\n\t\t\t\t\t\t\t\t\tclass=\"accordion-icon opened-icon\"><i class=\"fa-solid fa-plus-circle\"><\/i><\/span>\n\t\t\t\t\t\t\t\t<span\n\t\t\t\t\t\t\t\t\tclass=\"accordion-icon closed-icon\"><i class=\"fa-solid fa-minus-circle\"><\/i><\/span>\n\t\t\t\t\t\t\t<\/div>\n\t\t\t\t\t\t\t\t\t\t\t<\/div>\n\t\t\t\t\t<div class=\"accordion-content\">\n\t\t\t\t\t\t<p>La valutazione finale \u00e8 <strong>facoltativa<\/strong>. Tuttavia, se desideri beneficiare del certificato di formazione, devi rispondere a tutte le domande. Il test copre tutti i moduli di un corso e il certificato di formazione ti verr\u00e0 rilasciato se l&#8217;80% delle tue risposte sono corrette.<\/p>\t\t\t\t\t<\/div>\n\t\t\t\t<\/div>\n\t\t\t\t\t\t\t<div class=\"accordion-section\">\n\t\t\t\t\t<div class=\"accordion-header\">\n\t\t\t\t\t\t<div class=\"accordion-title-wrapper\">\n\t\t\t\t\t\t\t<h6 class=\"accordion-title\">Un membro della famiglia pu\u00f2 seguire la formazione?<\/h6>\t\t\t\t\t\t<\/div>\n\t\t\t\t\t\t\t\t\t\t\t\t\t<div class=\"accordion-icons\">\n\t\t\t\t\t\t\t\t<span\n\t\t\t\t\t\t\t\t\tclass=\"accordion-icon opened-icon\"><i class=\"fa-solid fa-plus-circle\"><\/i><\/span>\n\t\t\t\t\t\t\t\t<span\n\t\t\t\t\t\t\t\t\tclass=\"accordion-icon closed-icon\"><i class=\"fa-solid fa-minus-circle\"><\/i><\/span>\n\t\t\t\t\t\t\t<\/div>\n\t\t\t\t\t\t\t\t\t\t\t<\/div>\n\t\t\t\t\t<div class=\"accordion-content\">\n\t\t\t\t\t\t<p>I nostri moduli di formazione sono aperti a tutti i membri della tua famiglia ea coloro che ti circondano. Infatti, alcuni dei nostri moduli sono rivolti direttamente ai parenti e ai caregiver dei pazienti.<\/p>\t\t\t\t\t<\/div>\n\t\t\t\t<\/div>\n\t\t\t\t\t\t\t<div class=\"accordion-section\">\n\t\t\t\t\t<div class=\"accordion-header\">\n\t\t\t\t\t\t<div class=\"accordion-title-wrapper\">\n\t\t\t\t\t\t\t<h6 class=\"accordion-title\">I corsi di formazione sono gratuiti?<\/h6>\t\t\t\t\t\t<\/div>\n\t\t\t\t\t\t\t\t\t\t\t\t\t<div class=\"accordion-icons\">\n\t\t\t\t\t\t\t\t<span\n\t\t\t\t\t\t\t\t\tclass=\"accordion-icon opened-icon\"><i class=\"fa-solid fa-plus-circle\"><\/i><\/span>\n\t\t\t\t\t\t\t\t<span\n\t\t\t\t\t\t\t\t\tclass=\"accordion-icon closed-icon\"><i class=\"fa-solid fa-minus-circle\"><\/i><\/span>\n\t\t\t\t\t\t\t<\/div>\n\t\t\t\t\t\t\t\t\t\t\t<\/div>\n\t\t\t\t\t<div class=\"accordion-content\">\n\t\t\t\t\t\t<p>Tutti i nostri corsi di formazione sono gratuiti al 100%.<\/p>\t\t\t\t\t<\/div>\n\t\t\t\t<\/div>\n\t\t\t\t\t<\/div>\n\t\t\t\t<\/div>\n\t\t\t\t<\/div>\n\t\t\t\t\t<\/div>\n\t\t<\/div>\n\t\t\t\t\t<\/div>\n\t\t<\/section>\n\t\t\t\t<\/div>\n\t\t","protected":false},"excerpt":{"rendered":"<p>Domande frequenti Trova le risposte a tutte le tue domande Siamo qui per aiutarvi Il nostro team \u00e8 a vostra disposizione via e-mail o telefono per rispondere alle vostre domande. Tuttavia, abbiamo annotato qui la maggior parte delle domande che ci vengono poste e le relative risposte, in modo che possiate familiarizzare rapidamente con i nostri strumenti. Quanto dura un modulo e-Learning? I moduli di formazione durano tra i 5 ei 20 minuti. In effetti, diversi studi mostrano che l&rsquo;attenzione degli studenti diminuisce drasticamente dopo 20-30 minuti di formazione. Al fine di massimizzare l&rsquo;efficacia dei moduli di e-Learning, ci siamo assicurati che non superino questo limite. \u00c8 necessario disporre di un software specifico per seguire la formazione? No, devi solo avere a disposizione un computer, tablet o smartphone oltre a una connessione internet. I moduli di e-learning sono interattivi? Tutti i nostri moduli di e-learning sono progettati e scritti in modo da avere il massimo livello di interattivit\u00e0. I nostri contenuti didattici sono illustrati con immagini, diagrammi esplicativi di qualit\u00e0 e video di stadiazione del paziente\/operatore sanitario. Sono inoltre disponibili video che dimostrano l&rsquo;esercizio fisico o le tecniche di respirazione. Durante tutta la formazione, vengono offerti MCQ di valutazione delle conoscenze in modo che lo studente sia pienamente coinvolto nella sua formazione. Il contenuto educativo \u00e8 costruito in modo che gli studenti si trovino in una totale immersione nella formazione, senza nemmeno vedere il tempo che passa! Posso seguire un altro corso di formazione se ne ho gi\u00e0 fatto uno prima? Sei libero di seguire tutti e 3 i corsi di formazione &#8211; identificazione precoce dei disturbi del neurosviluppo, malattie neurodegenerative e malattie neuromuscolari &#8211; nell&rsquo;ordine che preferisci. Ho un limite di tempo per la formazione? Non \u00e8 imposto alcun limite di tempo per il follow-up della formazione. Puoi seguire la formazione in qualsiasi momento della giornata, a seconda della tua disponibilit\u00e0. L&rsquo;obiettivo \u00e8 fornire flessibilit\u00e0 nell&rsquo;apprendimento in modo da poter essere formati in completa autonomia. Posso beneficiare del certificato di completamento della formazione se non ho completato la risposta a tutte le domande della valutazione finale? La valutazione finale \u00e8 facoltativa. Tuttavia, se desideri beneficiare del certificato di formazione, devi rispondere a tutte le domande. Il test copre tutti i moduli di un corso e il certificato di formazione ti verr\u00e0 rilasciato se l&rsquo;80% delle tue risposte sono corrette. Un membro della famiglia pu\u00f2 seguire la formazione? I nostri moduli di formazione sono aperti a tutti i membri della tua famiglia ea coloro che ti circondano. Infatti, alcuni dei nostri moduli sono rivolti direttamente ai parenti e ai caregiver dei pazienti. I corsi di formazione sono gratuiti? Tutti i nostri corsi di formazione sono gratuiti al 100%.<\/p>\n","protected":false},"author":1,"featured_media":0,"parent":0,"menu_order":0,"comment_status":"closed","ping_status":"closed","template":"","meta":{"footnotes":""},"_links":{"self":[{"href":"https:\/\/www.prosol-elearning.com\/it\/wp-json\/wp\/v2\/pages\/6620"}],"collection":[{"href":"https:\/\/www.prosol-elearning.com\/it\/wp-json\/wp\/v2\/pages"}],"about":[{"href":"https:\/\/www.prosol-elearning.com\/it\/wp-json\/wp\/v2\/types\/page"}],"author":[{"embeddable":true,"href":"https:\/\/www.prosol-elearning.com\/it\/wp-json\/wp\/v2\/users\/1"}],"replies":[{"embeddable":true,"href":"https:\/\/www.prosol-elearning.com\/it\/wp-json\/wp\/v2\/comments?post=6620"}],"version-history":[{"count":7,"href":"https:\/\/www.prosol-elearning.com\/it\/wp-json\/wp\/v2\/pages\/6620\/revisions"}],"predecessor-version":[{"id":7502,"href":"https:\/\/www.prosol-elearning.com\/it\/wp-json\/wp\/v2\/pages\/6620\/revisions\/7502"}],"wp:attachment":[{"href":"https:\/\/www.prosol-elearning.com\/it\/wp-json\/wp\/v2\/media?parent=6620"}],"curies":[{"name":"wp","href":"https:\/\/api.w.org\/{rel}","templated":true}]}}