{"id":6614,"date":"2022-05-11T18:13:51","date_gmt":"2022-05-11T16:13:51","guid":{"rendered":"https:\/\/www.prosol-elearning.com\/contact\/"},"modified":"2022-07-26T11:23:11","modified_gmt":"2022-07-26T09:23:11","slug":"contact","status":"publish","type":"page","link":"https:\/\/www.prosol-elearning.com\/it\/contact\/","title":{"rendered":"Contact"},"content":{"rendered":"\t\t<div data-elementor-type=\"wp-page\" data-elementor-id=\"6614\" class=\"elementor elementor-6614 elementor-5004\" data-elementor-post-type=\"page\">\n\t\t\t\t\t\t<section class=\"elementor-section elementor-top-section elementor-element elementor-element-4f98def elementor-section-boxed elementor-section-gap-beside-yes elementor-section-height-default elementor-section-height-default elementor-section-content-align-center elementor-section-column-vertical-align-stretch\" data-id=\"4f98def\" data-element_type=\"section\">\n\t\t\t\t\t\t<div class=\"elementor-container elementor-column-gap-extended\">\n\t\t\t\t\t<div class=\"elementor-column elementor-col-100 elementor-top-column elementor-element elementor-element-f44219f\" data-id=\"f44219f\" data-element_type=\"column\">\n\t\t\t<div class=\"elementor-widget-wrap elementor-element-populated\">\n\t\t\t\t\t\t<section class=\"elementor-section elementor-inner-section elementor-element elementor-element-859275d elementor-section-gap-beside-no elementor-section-boxed elementor-section-height-default elementor-section-height-default elementor-section-column-vertical-align-stretch\" data-id=\"859275d\" data-element_type=\"section\">\n\t\t\t\t\t\t<div class=\"elementor-container elementor-column-gap-extended\">\n\t\t\t\t\t<div class=\"elementor-column elementor-col-33 elementor-inner-column elementor-element elementor-element-200a8b7\" data-id=\"200a8b7\" data-element_type=\"column\">\n\t\t\t<div class=\"elementor-widget-wrap elementor-element-populated\">\n\t\t\t\t\t\t<div class=\"elementor-element elementor-element-3c53756 elementor-invisible elementor-widget elementor-widget-tm-heading\" data-id=\"3c53756\" data-element_type=\"widget\" data-settings=\"{&quot;_animation&quot;:&quot;edumallFadeInUp&quot;}\" data-widget_type=\"tm-heading.default\">\n\t\t\t\t<div class=\"elementor-widget-container\">\n\t\t\t\t\t<div class=\"tm-modern-heading\">\n\t\t\t\n\t\t\t\t\t<div class=\"heading-primary-wrap\">\n\t\t\t<h2 class=\"heading-primary elementor-heading-title\">Contattaci<\/h2>\t\t<\/div>\n\t\t\n\t\t\t\n\t\t\t\t\t<\/div>\n\t\t\t\t<\/div>\n\t\t\t\t<\/div>\n\t\t\t\t<div class=\"elementor-element elementor-element-7c7d4b3 elementor-position-left elementor-vertical-align-middle edumall-view-default elementor-invisible elementor-widget elementor-widget-tm-icon-box\" data-id=\"7c7d4b3\" data-element_type=\"widget\" data-settings=\"{&quot;_animation&quot;:&quot;edumallFadeInUp&quot;}\" data-widget_type=\"tm-icon-box.default\">\n\t\t\t\t<div class=\"elementor-widget-container\">\n\t\t\t\t\t<div class=\"tm-icon-box edumall-box\">\n\t\t<div class=\"icon-box-wrapper\">\n\t\t\t\t\t<div class=\"edumall-icon-wrap\">\n\t\t\t<div class=\"edumall-icon-view first\">\n\t\t\t\t<div class=\"edumall-icon-view-inner\">\n\t\t\t\t\t<div class=\"edumall-icon icon edumall-solid-icon\">\n\t\t\t\t\t\t<i aria-hidden=\"true\" class=\"fal fa-map-marked-alt\"><\/i>\t\t\t\t\t<\/div>\n\t\t\t\t<\/div>\n\t\t\t<\/div>\n\n\t\t\t\t\t<\/div>\n\t\t\n\t\t\t<div class=\"icon-box-content\">\n\t\t\t\t\t\t<div class=\"heading-wrap\">\n\t\t\t<h3 class=\"heading\">Indirizzo<\/h3>\n\t\t\t\t\t<\/div>\n\t\t\n\t\t\t\t\n\t\t\t\t\t\t\t<\/div>\n\t\t<\/div>\n\n\t\t<\/div>\t\t\t\t<\/div>\n\t\t\t\t<\/div>\n\t\t\t\t<div class=\"elementor-element elementor-element-1c17667 elementor-invisible elementor-widget elementor-widget-tm-heading\" data-id=\"1c17667\" data-element_type=\"widget\" data-settings=\"{&quot;_animation&quot;:&quot;edumallFadeInUp&quot;}\" data-widget_type=\"tm-heading.default\">\n\t\t\t\t<div class=\"elementor-widget-container\">\n\t\t\t\t\t<div class=\"tm-modern-heading\">\n\t\t\t\n\t\t\t\t\t<div class=\"heading-primary-wrap\">\n\t\t\t<div class=\"heading-primary elementor-heading-title\"><strong>CHU de Nice - Sistema Nervoso Periferico, Reparto Muscolare<\/strong><br>\nH\u00f4pital PASTEUR 2 - Zona G - Bat. Le Paillon<br>\n30 Voie Romaine CS 51069<br>\n06001 Nizza Cedex 1<\/div>\t\t<\/div>\n\t\t\n\t\t\t\n\t\t\t\t\t<\/div>\n\t\t\t\t<\/div>\n\t\t\t\t<\/div>\n\t\t\t\t<div class=\"elementor-element elementor-element-276fc95 elementor-align-center elementor-invisible elementor-widget elementor-widget-tm-separator\" data-id=\"276fc95\" data-element_type=\"widget\" data-settings=\"{&quot;_animation&quot;:&quot;edumallFadeInUp&quot;}\" data-widget_type=\"tm-separator.default\">\n\t\t\t\t<div class=\"elementor-widget-container\">\n\t\t\t\t\t<div class=\"tm-separator horizontal-line\">\n\t\t\t<div class=\"inner\"><\/div>\n\t\t<\/div>\n\t\t\t\t<\/div>\n\t\t\t\t<\/div>\n\t\t\t\t<div class=\"elementor-element elementor-element-864f2a1 elementor-position-left elementor-vertical-align-middle edumall-view-default elementor-invisible elementor-widget elementor-widget-tm-icon-box\" data-id=\"864f2a1\" data-element_type=\"widget\" data-settings=\"{&quot;_animation&quot;:&quot;edumallFadeInUp&quot;}\" data-widget_type=\"tm-icon-box.default\">\n\t\t\t\t<div class=\"elementor-widget-container\">\n\t\t\t\t\t<div class=\"tm-icon-box edumall-box\">\n\t\t<div class=\"icon-box-wrapper\">\n\t\t\t\t\t<div class=\"edumall-icon-wrap\">\n\t\t\t<div class=\"edumall-icon-view first\">\n\t\t\t\t<div class=\"edumall-icon-view-inner\">\n\t\t\t\t\t<div class=\"edumall-icon icon edumall-solid-icon\">\n\t\t\t\t\t\t<i aria-hidden=\"true\" class=\"fal fa-mobile-alt\"><\/i>\t\t\t\t\t<\/div>\n\t\t\t\t<\/div>\n\t\t\t<\/div>\n\n\t\t\t\t\t<\/div>\n\t\t\n\t\t\t<div class=\"icon-box-content\">\n\t\t\t\t\t\t<div class=\"heading-wrap\">\n\t\t\t<h3 class=\"heading\">Telefono<\/h3>\n\t\t\t\t\t<\/div>\n\t\t\n\t\t\t\t\n\t\t\t\t\t\t\t<\/div>\n\t\t<\/div>\n\n\t\t<\/div>\t\t\t\t<\/div>\n\t\t\t\t<\/div>\n\t\t\t\t<div class=\"elementor-element elementor-element-a1a4eec elementor-invisible elementor-widget elementor-widget-tm-heading\" data-id=\"a1a4eec\" data-element_type=\"widget\" data-settings=\"{&quot;_animation&quot;:&quot;edumallFadeInUp&quot;}\" data-widget_type=\"tm-heading.default\">\n\t\t\t\t<div class=\"elementor-widget-container\">\n\t\t\t\t\t<div class=\"tm-modern-heading\">\n\t\t\t\n\t\t\t\t\t<div class=\"heading-primary-wrap\">\n\t\t\t<div class=\"heading-primary elementor-heading-title\">Segreteria : <span class=\"heading-color font-700\">04 92 03 57 57<\/span><\/div>\t\t<\/div>\n\t\t\n\t\t\t\n\t\t\t\t\t<\/div>\n\t\t\t\t<\/div>\n\t\t\t\t<\/div>\n\t\t\t\t<div class=\"elementor-element elementor-element-f1b492b elementor-align-center elementor-invisible elementor-widget elementor-widget-tm-separator\" data-id=\"f1b492b\" data-element_type=\"widget\" data-settings=\"{&quot;_animation&quot;:&quot;edumallFadeInUp&quot;}\" data-widget_type=\"tm-separator.default\">\n\t\t\t\t<div class=\"elementor-widget-container\">\n\t\t\t\t\t<div class=\"tm-separator horizontal-line\">\n\t\t\t<div class=\"inner\"><\/div>\n\t\t<\/div>\n\t\t\t\t<\/div>\n\t\t\t\t<\/div>\n\t\t\t\t<div class=\"elementor-element elementor-element-7827fc2 elementor-position-left elementor-vertical-align-middle edumall-view-default elementor-invisible elementor-widget elementor-widget-tm-icon-box\" data-id=\"7827fc2\" data-element_type=\"widget\" data-settings=\"{&quot;_animation&quot;:&quot;edumallFadeInUp&quot;}\" data-widget_type=\"tm-icon-box.default\">\n\t\t\t\t<div class=\"elementor-widget-container\">\n\t\t\t\t\t<div class=\"tm-icon-box edumall-box\">\n\t\t<div class=\"icon-box-wrapper\">\n\t\t\t\t\t<div class=\"edumall-icon-wrap\">\n\t\t\t<div class=\"edumall-icon-view first\">\n\t\t\t\t<div class=\"edumall-icon-view-inner\">\n\t\t\t\t\t<div class=\"edumall-icon icon edumall-solid-icon\">\n\t\t\t\t\t\t<i aria-hidden=\"true\" class=\"fal fa-comment-alt-lines\"><\/i>\t\t\t\t\t<\/div>\n\t\t\t\t<\/div>\n\t\t\t<\/div>\n\n\t\t\t\t\t<\/div>\n\t\t\n\t\t\t<div class=\"icon-box-content\">\n\t\t\t\t\t\t<div class=\"heading-wrap\">\n\t\t\t<h3 class=\"heading\">E-mail<\/h3>\n\t\t\t\t\t<\/div>\n\t\t\n\t\t\t\t\n\t\t\t\t\t\t\t<\/div>\n\t\t<\/div>\n\n\t\t<\/div>\t\t\t\t<\/div>\n\t\t\t\t<\/div>\n\t\t\t\t<div class=\"elementor-element elementor-element-1b9143e elementor-invisible elementor-widget elementor-widget-tm-heading\" data-id=\"1b9143e\" data-element_type=\"widget\" data-settings=\"{&quot;_animation&quot;:&quot;edumallFadeInUp&quot;}\" data-widget_type=\"tm-heading.default\">\n\t\t\t\t<div class=\"elementor-widget-container\">\n\t\t\t\t\t<div class=\"tm-modern-heading\">\n\t\t\t\n\t\t\t\t\t<div class=\"heading-primary-wrap\">\n\t\t\t<div class=\"heading-primary elementor-heading-title\"><a href=\"mailto:contact@prosol-elearning.com\">contact@prosol-elearning.com<\/a><\/div>\t\t<\/div>\n\t\t\n\t\t\t\n\t\t\t\t\t<\/div>\n\t\t\t\t<\/div>\n\t\t\t\t<\/div>\n\t\t\t\t<div class=\"elementor-element elementor-element-754d098 elementor-align-center elementor-invisible elementor-widget elementor-widget-tm-separator\" data-id=\"754d098\" data-element_type=\"widget\" data-settings=\"{&quot;_animation&quot;:&quot;edumallFadeInUp&quot;}\" data-widget_type=\"tm-separator.default\">\n\t\t\t\t<div class=\"elementor-widget-container\">\n\t\t\t\t\t<div class=\"tm-separator horizontal-line\">\n\t\t\t<div class=\"inner\"><\/div>\n\t\t<\/div>\n\t\t\t\t<\/div>\n\t\t\t\t<\/div>\n\t\t\t\t\t<\/div>\n\t\t<\/div>\n\t\t\t\t<div class=\"elementor-column elementor-col-66 elementor-inner-column elementor-element elementor-element-1a1e7ea\" data-id=\"1a1e7ea\" data-element_type=\"column\">\n\t\t\t<div class=\"elementor-widget-wrap elementor-element-populated\">\n\t\t\t\t\t\t<div class=\"elementor-element elementor-element-c1177d5 elementor-invisible elementor-widget elementor-widget-tm-google-map\" data-id=\"c1177d5\" data-element_type=\"widget\" data-settings=\"{&quot;_animation&quot;:&quot;edumallFadeInUp&quot;}\" data-widget_type=\"tm-google-map.default\">\n\t\t\t\t<div class=\"elementor-widget-container\">\n\t\t\t\t\t<div class=\"tm-google-map marker-style-signal\">\n\t\t\t<div class=\"map\"><\/div>\n\t\t\t<div class=\"map-options display-none\">\n\t\t\t\t{\"settings\":{\"zoom\":12,\"mapTypeControl\":false,\"mapTypeId\":\"roadmap\",\"styles\":[{\"featureType\":\"water\",\"elementType\":\"geometry\",\"stylers\":[{\"color\":\"#e9e9e9\"},{\"lightness\":17}]},{\"featureType\":\"landscape\",\"elementType\":\"geometry\",\"stylers\":[{\"color\":\"#f5f5f5\"},{\"lightness\":20}]},{\"featureType\":\"road.highway\",\"elementType\":\"geometry.fill\",\"stylers\":[{\"color\":\"#ffffff\"},{\"lightness\":17}]},{\"featureType\":\"road.highway\",\"elementType\":\"geometry.stroke\",\"stylers\":[{\"color\":\"#ffffff\"},{\"lightness\":29},{\"weight\":0.2}]},{\"featureType\":\"road.arterial\",\"elementType\":\"geometry\",\"stylers\":[{\"color\":\"#ffffff\"},{\"lightness\":18}]},{\"featureType\":\"road.local\",\"elementType\":\"geometry\",\"stylers\":[{\"color\":\"#ffffff\"},{\"lightness\":16}]},{\"featureType\":\"poi\",\"elementType\":\"geometry\",\"stylers\":[{\"color\":\"#f5f5f5\"},{\"lightness\":21}]},{\"featureType\":\"poi.park\",\"elementType\":\"geometry\",\"stylers\":[{\"color\":\"#dedede\"},{\"lightness\":21}]},{\"elementType\":\"labels.text.stroke\",\"stylers\":[{\"visibility\":\"on\"},{\"color\":\"#ffffff\"},{\"lightness\":16}]},{\"elementType\":\"labels.text.fill\",\"stylers\":[{\"saturation\":36},{\"color\":\"#333333\"},{\"lightness\":40}]},{\"elementType\":\"labels.icon\",\"stylers\":[{\"visibility\":\"off\"}]},{\"featureType\":\"transit\",\"elementType\":\"geometry\",\"stylers\":[{\"color\":\"#f2f2f2\"},{\"lightness\":19}]},{\"featureType\":\"administrative\",\"elementType\":\"geometry.fill\",\"stylers\":[{\"color\":\"#fefefe\"},{\"lightness\":20}]},{\"featureType\":\"administrative\",\"elementType\":\"geometry.stroke\",\"stylers\":[{\"color\":\"#fefefe\"},{\"lightness\":17},{\"weight\":1.2}]}],\"zoomControl\":true,\"scaleControl\":false,\"streetViewControl\":true,\"fullscreenControl\":true,\"scrollwheel\":false,\"draggable\":true,\"center\":[\"43.723639\",\"7.281693\"]},\"marker\":[{\"position\":[\"43.723639\",\"7.281693\"]}],\"overlay\":[{\"position\":[\"43.723639\",\"7.281693\"],\"content\":\"\\u003Cdiv class=\\u0022edumall-map-overlay edumall-map-overlay- elementor-repeater-item-7658f0f\\u0022\\u003E\\u003Cdiv class=\\u0022gmap-info-wrapper style-signal\\u0022\\u003E\\u003Cdiv class=\\u0022animated-dot\\u0022\\u003E\\u003Cdiv class=\\u0022middle-dot\\u0022\\u003E\\u003C\\\/div\\u003E\\u003Cdiv class=\\u0022signal signal-1\\u0022\\u003E\\u003C\\\/div\\u003E\\u003Cdiv class=\\u0022signal signal-2\\u0022\\u003E\\u003C\\\/div\\u003E\\u003C\\\/div\\u003E\\u003Cdiv class=\\u0022edumall-map-overlay-template\\u0022\\u003E\\u003Cdiv class=\\u0022edumall-map-overlay-content\\u0022\\u003E\\u003Cdiv class=\\u0022edumall-map-overlay-info\\u0022\\u003E\\u003Cdiv class=\\u0022map-marker-image\\u0022\\u003E\\u003C\\\/div\\u003E\\u003Cdiv class=\\u0022map-marker-content\\u0022\\u003E\\u003Ch5 class=\\u0022map-marker-title\\u0022\\u003ECHU de Nice - Sistema Nervoso Periferico, Reparto Muscolare\\u003C\\\/h5\\u003E\\u003Cdiv class=\\u0022map-marker-description\\u0022\\u003EH\\u00f4pital PASTEUR 2 - Zona G - Bat. Le Paillon\\u003Cbr\\u003E\\n30 Voie Romaine CS 51069\\u003Cbr\\u003E\\n06001 Nice Cedex 1\\u003C\\\/div\\u003E\\u003C\\\/div\\u003E\\u003C\\\/div\\u003E\\u003C\\\/div\\u003E\\u003C\\\/div\\u003E\\u003C\\\/div\\u003E\\u003C\\\/div\\u003E\"}]}\t\t\t<\/div>\n\t\t<\/div>\n\t\t\t\t<\/div>\n\t\t\t\t<\/div>\n\t\t\t\t\t<\/div>\n\t\t<\/div>\n\t\t\t\t\t<\/div>\n\t\t<\/section>\n\t\t\t\t<section class=\"elementor-section elementor-inner-section elementor-element elementor-element-6f813c3 elementor-section-gap-beside-no elementor-section-boxed elementor-section-height-default elementor-section-height-default elementor-section-column-vertical-align-stretch\" data-id=\"6f813c3\" data-element_type=\"section\">\n\t\t\t\t\t\t<div class=\"elementor-container elementor-column-gap-extended\">\n\t\t\t\t\t<div class=\"elementor-column elementor-col-33 elementor-inner-column elementor-element elementor-element-1de09d7\" data-id=\"1de09d7\" data-element_type=\"column\">\n\t\t\t<div class=\"elementor-widget-wrap elementor-element-populated\">\n\t\t\t\t\t\t<div class=\"elementor-element elementor-element-e401bd8 elementor-invisible elementor-widget elementor-widget-tm-heading\" data-id=\"e401bd8\" data-element_type=\"widget\" data-settings=\"{&quot;_animation&quot;:&quot;edumallFadeInUp&quot;}\" data-widget_type=\"tm-heading.default\">\n\t\t\t\t<div class=\"elementor-widget-container\">\n\t\t\t\t\t<div class=\"tm-modern-heading\">\n\t\t\t\n\t\t\t\t\t<div class=\"heading-primary-wrap\">\n\t\t\t<h2 class=\"heading-primary elementor-heading-title\">Mandaci un messaggio<\/h2>\t\t<\/div>\n\t\t\n\t\t\t\n\t\t\t\t\t<\/div>\n\t\t\t\t<\/div>\n\t\t\t\t<\/div>\n\t\t\t\t\t<\/div>\n\t\t<\/div>\n\t\t\t\t<div class=\"elementor-column elementor-col-66 elementor-inner-column elementor-element elementor-element-32fb45c\" data-id=\"32fb45c\" data-element_type=\"column\">\n\t\t\t<div class=\"elementor-widget-wrap elementor-element-populated\">\n\t\t\t\t\t\t<div class=\"elementor-element elementor-element-d4ebd06 edumall-button-align-center edumall-contact-form-style-01 elementor-invisible elementor-widget elementor-widget-tm-contact-form-7\" data-id=\"d4ebd06\" data-element_type=\"widget\" data-settings=\"{&quot;_animation&quot;:&quot;edumallFadeInUp&quot;}\" data-widget_type=\"tm-contact-form-7.default\">\n\t\t\t\t<div class=\"elementor-widget-container\">\n\t\t\t\t\t<div class=\"edumall-contact-form-7\">\n\t\t\t\n<div class=\"wpcf7 no-js\" id=\"wpcf7-f1383-o1\" lang=\"en-US\" dir=\"ltr\">\n<div class=\"screen-reader-response\"><p role=\"status\" aria-live=\"polite\" aria-atomic=\"true\"><\/p> <ul><\/ul><\/div>\n<form action=\"\/it\/wp-json\/wp\/v2\/pages\/6614#wpcf7-f1383-o1\" method=\"post\" class=\"wpcf7-form init\" aria-label=\"Contact form\" novalidate=\"novalidate\" data-status=\"init\">\n<div style=\"display: none;\">\n<input type=\"hidden\" name=\"_wpcf7\" value=\"1383\" \/>\n<input type=\"hidden\" name=\"_wpcf7_version\" value=\"5.9.8\" \/>\n<input type=\"hidden\" name=\"_wpcf7_locale\" value=\"en_US\" \/>\n<input type=\"hidden\" name=\"_wpcf7_unit_tag\" value=\"wpcf7-f1383-o1\" \/>\n<input type=\"hidden\" name=\"_wpcf7_container_post\" value=\"0\" \/>\n<input type=\"hidden\" name=\"_wpcf7_posted_data_hash\" value=\"\" \/>\n<input type=\"hidden\" name=\"_wpcf7_recaptcha_response\" value=\"\" \/>\n<\/div>\n<div class=\"row\">\n\t<div class=\"col-md-6\">\n\t\t<div class=\"form-group\">\n\t\t\t<div class=\"form-input-group\">\n\t\t\t\t<p><span class=\"wpcf7-form-control-wrap\" data-name=\"your-name\"><input size=\"40\" maxlength=\"400\" class=\"wpcf7-form-control wpcf7-text wpcf7-validates-as-required form-control form-input\" aria-required=\"true\" aria-invalid=\"false\" placeholder=\"Nom\" value=\"\" type=\"text\" name=\"your-name\" \/><\/span>\n\t\t\t\t<\/p>\n\t\t\t<\/div>\n\t\t<\/div>\n\t<\/div>\n\t<div class=\"col-md-6\">\n\t\t<div class=\"form-group\">\n\t\t\t<div class=\"form-input-group\">\n\t\t\t\t<p><span class=\"wpcf7-form-control-wrap\" data-name=\"your-email\"><input size=\"40\" maxlength=\"400\" class=\"wpcf7-form-control wpcf7-email wpcf7-validates-as-required wpcf7-text wpcf7-validates-as-email form-control form-input\" aria-required=\"true\" aria-invalid=\"false\" placeholder=\"Email\" value=\"\" type=\"email\" name=\"your-email\" \/><\/span>\n\t\t\t\t<\/p>\n\t\t\t<\/div>\n\t\t<\/div>\n\t<\/div>\n<\/div>\n<div class=\"form-group\">\n\t<div class=\"form-input-group\">\n\t\t<p><span class=\"wpcf7-form-control-wrap\" data-name=\"your-message\"><textarea cols=\"40\" rows=\"10\" maxlength=\"2000\" class=\"wpcf7-form-control wpcf7-textarea\" aria-invalid=\"false\" placeholder=\"Message\" name=\"your-message\"><\/textarea><\/span>\n\t\t<\/p>\n\t<\/div>\n<\/div>\n<div class=\"form-group\">\n\t<div class=\"form-input-group\">\n\t\t<p><span class=\"wpcf7-form-control-wrap\" data-name=\"acceptance-900\"><span class=\"wpcf7-form-control wpcf7-acceptance\"><span class=\"wpcf7-list-item\"><label><input type=\"checkbox\" name=\"acceptance-900\" value=\"1\" aria-invalid=\"false\" \/><span class=\"wpcf7-list-item-label\">J'accepte que mes donn\u00e9es soient utilis\u00e9es dans la cadre de ma demande et j'accepte la <a href=\"https:\/\/www.prosol-elearning.com\/politique-de-confidentialite\/\">politique de confidentialit\u00e9<\/a><\/span><\/label><\/span><\/span><\/span>\n\t\t<\/p>\n\t<\/div>\n<\/div>\n<div class=\"form-submit\">\n\t<p><input class=\"wpcf7-form-control wpcf7-submit has-spinner\" type=\"submit\" value=\"Envoyer\" \/>\n\t<\/p>\n<\/div><div class=\"wpcf7-response-output\" aria-hidden=\"true\"><\/div>\n<\/form>\n<\/div>\n\t\t<\/div>\n\t\t\t\t<\/div>\n\t\t\t\t<\/div>\n\t\t\t\t\t<\/div>\n\t\t<\/div>\n\t\t\t\t\t<\/div>\n\t\t<\/section>\n\t\t\t\t\t<\/div>\n\t\t<\/div>\n\t\t\t\t\t<\/div>\n\t\t<\/section>\n\t\t\t\t<section class=\"elementor-section elementor-top-section elementor-element elementor-element-2abd1f0 elementor-section-boxed elementor-section-gap-beside-yes elementor-section-height-default elementor-section-height-default elementor-section-content-align-center elementor-section-column-vertical-align-stretch\" data-id=\"2abd1f0\" data-element_type=\"section\">\n\t\t\t\t\t\t<div class=\"elementor-container elementor-column-gap-extended\">\n\t\t\t\t\t<div class=\"elementor-column elementor-col-100 elementor-top-column elementor-element elementor-element-fdc59ca\" data-id=\"fdc59ca\" data-element_type=\"column\">\n\t\t\t<div class=\"elementor-widget-wrap elementor-element-populated\">\n\t\t\t\t\t\t<div class=\"elementor-element elementor-element-1641ec9 elementor-widget elementor-widget-spacer\" data-id=\"1641ec9\" data-element_type=\"widget\" data-widget_type=\"spacer.default\">\n\t\t\t\t<div class=\"elementor-widget-container\">\n\t\t\t\t\t<div class=\"elementor-spacer\">\n\t\t\t<div class=\"elementor-spacer-inner\"><\/div>\n\t\t<\/div>\n\t\t\t\t<\/div>\n\t\t\t\t<\/div>\n\t\t\t\t\t<\/div>\n\t\t<\/div>\n\t\t\t\t\t<\/div>\n\t\t<\/section>\n\t\t\t\t<\/div>\n\t\t","protected":false},"excerpt":{"rendered":"<p>Contattaci Indirizzo CHU de Nice &#8211; Sistema Nervoso Periferico, Reparto Muscolare H\u00f4pital PASTEUR 2 &#8211; Zona G &#8211; Bat. Le Paillon 30 Voie Romaine CS 51069 06001 Nizza Cedex 1 Telefono Segreteria : 04 92 03 57 57 E-mail contact@prosol-elearning.com {&#8220;settings&#8221;:{&#8220;zoom&#8221;:12,&#8221;mapTypeControl&#8221;:false,&#8221;mapTypeId&#8221;:&#8221;roadmap&#8221;,&#8221;styles&#8221;:[{&#8220;featureType&#8221;:&#8221;water&#8221;,&#8221;elementType&#8221;:&#8221;geometry&#8221;,&#8221;stylers&#8221;:[{&#8220;color&#8221;:&#8221;#e9e9e9&#8243;},{&#8220;lightness&#8221;:17}]},{&#8220;featureType&#8221;:&#8221;landscape&#8221;,&#8221;elementType&#8221;:&#8221;geometry&#8221;,&#8221;stylers&#8221;:[{&#8220;color&#8221;:&#8221;#f5f5f5&#8243;},{&#8220;lightness&#8221;:20}]},{&#8220;featureType&#8221;:&#8221;road.highway&#8221;,&#8221;elementType&#8221;:&#8221;geometry.fill&#8221;,&#8221;stylers&#8221;:[{&#8220;color&#8221;:&#8221;#ffffff&#8221;},{&#8220;lightness&#8221;:17}]},{&#8220;featureType&#8221;:&#8221;road.highway&#8221;,&#8221;elementType&#8221;:&#8221;geometry.stroke&#8221;,&#8221;stylers&#8221;:[{&#8220;color&#8221;:&#8221;#ffffff&#8221;},{&#8220;lightness&#8221;:29},{&#8220;weight&#8221;:0.2}]},{&#8220;featureType&#8221;:&#8221;road.arterial&#8221;,&#8221;elementType&#8221;:&#8221;geometry&#8221;,&#8221;stylers&#8221;:[{&#8220;color&#8221;:&#8221;#ffffff&#8221;},{&#8220;lightness&#8221;:18}]},{&#8220;featureType&#8221;:&#8221;road.local&#8221;,&#8221;elementType&#8221;:&#8221;geometry&#8221;,&#8221;stylers&#8221;:[{&#8220;color&#8221;:&#8221;#ffffff&#8221;},{&#8220;lightness&#8221;:16}]},{&#8220;featureType&#8221;:&#8221;poi&#8221;,&#8221;elementType&#8221;:&#8221;geometry&#8221;,&#8221;stylers&#8221;:[{&#8220;color&#8221;:&#8221;#f5f5f5&#8243;},{&#8220;lightness&#8221;:21}]},{&#8220;featureType&#8221;:&#8221;poi.park&#8221;,&#8221;elementType&#8221;:&#8221;geometry&#8221;,&#8221;stylers&#8221;:[{&#8220;color&#8221;:&#8221;#dedede&#8221;},{&#8220;lightness&#8221;:21}]},{&#8220;elementType&#8221;:&#8221;labels.text.stroke&#8221;,&#8221;stylers&#8221;:[{&#8220;visibility&#8221;:&#8221;on&#8221;},{&#8220;color&#8221;:&#8221;#ffffff&#8221;},{&#8220;lightness&#8221;:16}]},{&#8220;elementType&#8221;:&#8221;labels.text.fill&#8221;,&#8221;stylers&#8221;:[{&#8220;saturation&#8221;:36},{&#8220;color&#8221;:&#8221;#333333&#8243;},{&#8220;lightness&#8221;:40}]},{&#8220;elementType&#8221;:&#8221;labels.icon&#8221;,&#8221;stylers&#8221;:[{&#8220;visibility&#8221;:&#8221;off&#8221;}]},{&#8220;featureType&#8221;:&#8221;transit&#8221;,&#8221;elementType&#8221;:&#8221;geometry&#8221;,&#8221;stylers&#8221;:[{&#8220;color&#8221;:&#8221;#f2f2f2&#8243;},{&#8220;lightness&#8221;:19}]},{&#8220;featureType&#8221;:&#8221;administrative&#8221;,&#8221;elementType&#8221;:&#8221;geometry.fill&#8221;,&#8221;stylers&#8221;:[{&#8220;color&#8221;:&#8221;#fefefe&#8221;},{&#8220;lightness&#8221;:20}]},{&#8220;featureType&#8221;:&#8221;administrative&#8221;,&#8221;elementType&#8221;:&#8221;geometry.stroke&#8221;,&#8221;stylers&#8221;:[{&#8220;color&#8221;:&#8221;#fefefe&#8221;},{&#8220;lightness&#8221;:17},{&#8220;weight&#8221;:1.2}]}],&#8221;zoomControl&#8221;:true,&#8221;scaleControl&#8221;:false,&#8221;streetViewControl&#8221;:true,&#8221;fullscreenControl&#8221;:true,&#8221;scrollwheel&#8221;:false,&#8221;draggable&#8221;:true,&#8221;center&#8221;:[&#8220;43.723639&#8243;,&#8221;7.281693&#8243;]},&#8221;marker&#8221;:[{&#8220;position&#8221;:[&#8220;43.723639&#8243;,&#8221;7.281693&#8243;]}],&#8221;overlay&#8221;:[{&#8220;position&#8221;:[&#8220;43.723639&#8243;,&#8221;7.281693&#8243;],&#8221;content&#8221;:&#8221;u003Cdiv class=u0022edumall-map-overlay edumall-map-overlay- elementor-repeater-item-7658f0fu0022u003Eu003Cdiv class=u0022gmap-info-wrapper style-signalu0022u003Eu003Cdiv class=u0022animated-dotu0022u003Eu003Cdiv class=u0022middle-dotu0022u003Eu003C\/divu003Eu003Cdiv class=u0022signal signal-1u0022u003Eu003C\/divu003Eu003Cdiv class=u0022signal signal-2u0022u003Eu003C\/divu003Eu003C\/divu003Eu003Cdiv class=u0022edumall-map-overlay-templateu0022u003Eu003Cdiv class=u0022edumall-map-overlay-contentu0022u003Eu003Cdiv class=u0022edumall-map-overlay-infou0022u003Eu003Cdiv class=u0022map-marker-imageu0022u003Eu003C\/divu003Eu003Cdiv class=u0022map-marker-contentu0022u003Eu003Ch5 class=u0022map-marker-titleu0022u003ECHU de Nice &#8211; Sistema Nervoso Periferico, Reparto Muscolareu003C\/h5u003Eu003Cdiv class=u0022map-marker-descriptionu0022u003EHu00f4pital PASTEUR 2 &#8211; Zona G &#8211; Bat. Le Paillonu003Cbru003En30 Voie Romaine CS 51069u003Cbru003En06001 Nice Cedex 1u003C\/divu003Eu003C\/divu003Eu003C\/divu003Eu003C\/divu003Eu003C\/divu003Eu003C\/divu003Eu003C\/divu003E&#8221;}]} Mandaci un messaggio J&#8217;accepte que mes donn\u00e9es soient utilis\u00e9es dans la cadre de ma demande et j&#8217;accepte la politique de confidentialit\u00e9<\/p>\n","protected":false},"author":1,"featured_media":0,"parent":0,"menu_order":0,"comment_status":"closed","ping_status":"closed","template":"","meta":{"footnotes":""},"_links":{"self":[{"href":"https:\/\/www.prosol-elearning.com\/it\/wp-json\/wp\/v2\/pages\/6614"}],"collection":[{"href":"https:\/\/www.prosol-elearning.com\/it\/wp-json\/wp\/v2\/pages"}],"about":[{"href":"https:\/\/www.prosol-elearning.com\/it\/wp-json\/wp\/v2\/types\/page"}],"author":[{"embeddable":true,"href":"https:\/\/www.prosol-elearning.com\/it\/wp-json\/wp\/v2\/users\/1"}],"replies":[{"embeddable":true,"href":"https:\/\/www.prosol-elearning.com\/it\/wp-json\/wp\/v2\/comments?post=6614"}],"version-history":[{"count":6,"href":"https:\/\/www.prosol-elearning.com\/it\/wp-json\/wp\/v2\/pages\/6614\/revisions"}],"predecessor-version":[{"id":7491,"href":"https:\/\/www.prosol-elearning.com\/it\/wp-json\/wp\/v2\/pages\/6614\/revisions\/7491"}],"wp:attachment":[{"href":"https:\/\/www.prosol-elearning.com\/it\/wp-json\/wp\/v2\/media?parent=6614"}],"curies":[{"name":"wp","href":"https:\/\/api.w.org\/{rel}","templated":true}]}}